{"id":2,"date":"2021-01-06T18:55:34","date_gmt":"2021-01-06T18:55:34","guid":{"rendered":"http:\/\/podprad.eu\/?page_id=2"},"modified":"2021-03-02T07:58:48","modified_gmt":"2021-03-02T07:58:48","slug":"oferta","status":"publish","type":"page","link":"http:\/\/podprad.eu\/index.php\/oferta\/","title":{"rendered":"Oferta"},"content":{"rendered":"\r\n<p>\u015awiadczymy us\u0142ugi na terenie wojew\u00f3dztwa kujawsko-pomorskiego g\u0142\u00f3wnie okolic Bydgoszczy w zakresie:<\/p>\r\n\r\n\r\n\r\n<ul>\r\n<li>fotowoltaika &#8211; kompleksowe wykonywanie zar\u00f3wno przydomowych mikro-instalacji jak i farmy fotowoltaiczne,<\/li>\r\n<li>wykonywania instalacji elektrycznych dla domu, przemys\u0142u, u\u017cyteczno\u015bci publicznej,<\/li>\r\n<li>napraw instalacji elektrycznych,<\/li>\r\n<li>modernizacji instalacji elektrycznych,<\/li>\r\n<li>monta\u017cu rozdzielni elektrycznych, z\u0142\u0105cz licznikowych,<\/li>\r\n<li>pod\u0142\u0105czania sprz\u0119tu AGD (w tym p\u0142yt indukcyjnych),<\/li>\r\n<li>bia\u0142ego monta\u017cu tj. monta\u017c gniazd, wy\u0142\u0105cznik\u00f3w ,<\/li>\r\n<li>monta\u017cu o\u015bwietlenia sufitowego, dekoracyjnego typu LED,<\/li>\r\n<li>przestawiania maszyn przemys\u0142owych,<\/li>\r\n<li>napraw i konserwacji maszyn przemys\u0142owych,<\/li>\r\n<li>serwis wtryskarek (Engel, Krauss Maffei, Arburg, Toyo, Battenfeld i inne)<\/li>\r\n<\/ul>\r\n\r\n","protected":false},"excerpt":{"rendered":"<p>\u015awiadczymy us\u0142ugi na terenie wojew\u00f3dztwa kujawsko-pomorskiego g\u0142\u00f3wnie okolic Bydgoszczy w zakresie: fotowoltaika &#8211; kompleksowe wykonywanie zar\u00f3wno przydomowych mikro-instalacji jak i farmy fotowoltaiczne, wykonywania instalacji elektrycznych dla domu, przemys\u0142u, u\u017cyteczno\u015bci publicznej, napraw instalacji elektrycznych, modernizacji instalacji elektrycznych, monta\u017cu rozdzielni elektrycznych, z\u0142\u0105cz licznikowych, pod\u0142\u0105czania sprz\u0119tu AGD (w tym p\u0142yt indukcyjnych), bia\u0142ego monta\u017cu tj. monta\u017c gniazd, wy\u0142\u0105cznik\u00f3w , [&hellip;]<\/p>\n","protected":false},"author":1,"featured_media":0,"parent":0,"menu_order":0,"comment_status":"closed","ping_status":"open","template":"","meta":{"_monsterinsights_skip_tracking":false,"_monsterinsights_sitenote_active":false,"_monsterinsights_sitenote_note":"","_monsterinsights_sitenote_category":0},"_links":{"self":[{"href":"http:\/\/podprad.eu\/index.php\/wp-json\/wp\/v2\/pages\/2"}],"collection":[{"href":"http:\/\/podprad.eu\/index.php\/wp-json\/wp\/v2\/pages"}],"about":[{"href":"http:\/\/podprad.eu\/index.php\/wp-json\/wp\/v2\/types\/page"}],"author":[{"embeddable":true,"href":"http:\/\/podprad.eu\/index.php\/wp-json\/wp\/v2\/users\/1"}],"replies":[{"embeddable":true,"href":"http:\/\/podprad.eu\/index.php\/wp-json\/wp\/v2\/comments?post=2"}],"version-history":[{"count":10,"href":"http:\/\/podprad.eu\/index.php\/wp-json\/wp\/v2\/pages\/2\/revisions"}],"predecessor-version":[{"id":509,"href":"http:\/\/podprad.eu\/index.php\/wp-json\/wp\/v2\/pages\/2\/revisions\/509"}],"wp:attachment":[{"href":"http:\/\/podprad.eu\/index.php\/wp-json\/wp\/v2\/media?parent=2"}],"curies":[{"name":"wp","href":"https:\/\/api.w.org\/{rel}","templated":true}]}}