{"id":95,"date":"2021-01-06T23:02:57","date_gmt":"2021-01-06T23:02:57","guid":{"rendered":"http:\/\/podprad.eu\/?page_id=95"},"modified":"2021-01-31T18:58:27","modified_gmt":"2021-01-31T18:58:27","slug":"maszyny-przemyslowe","status":"publish","type":"page","link":"http:\/\/podprad.eu\/index.php\/maszyny-przemyslowe\/","title":{"rendered":"Maszyny przemys\u0142owe"},"content":{"rendered":"\r\n<p>Zajmujemy si\u0119 napraw\u0105 i konserwacj\u0105 maszyn do obr\u00f3bki tworzyw sztucznych i gumy (wtrskarki: Engel, <span class=\"aCOpRe\"><em>KraussMaffei, TOYO, JSW, WITTMANN BATTENFELD, Arburg i inne<\/em><\/span>)<\/p>\r\n\r\n\r\n<div id=\"grid-gallery-5-59182\" data-gg-id=\"5\" data-title=\"Przemys\u0142\" data-grid-type=\"2\" data-offset=\"5.3\" data-area-position=\"center\" data-icons=\"false\" data-preloader=\"true\" data-width=\"auto\" data-height=\"215\" data-padding=\"0\" data-quicksand=\"disabled\" data-quicksand-duration=\"none\" data-popup-theme=\"theme_1\" data-popup-type=\"colorbox\" data-popup-fadeOut=\"300\" data-popup-image-text=\"data-description\" data-popup-widthsize=\"auto\" data-popup-heightsize=\"auto\" data-popup-i18n-words=\"{&quot;close&quot;:&quot;close&quot;,&quot;next&quot;:&quot;next&quot;,&quot;previous&quot;:&quot;previous&quot;,&quot;start_slideshow&quot;:&quot;start slideshow&quot;,&quot;stop_slideshow&quot;:&quot;stop slideshow&quot;,&quot;image&quot;:&quot;image&quot;,&quot;of&quot;:&quot;of&quot;,&quot;prev&quot;:&quot;prev&quot;,&quot;cExpand&quot;:&quot;Expand&quot;,&quot;cPrevious&quot;:&quot;Previous&quot;,&quot;cNext&quot;:&quot;Next&quot;,&quot;cExpandStr&quot;:&quot;Expand the image&quot;,&quot;cRotate&quot;:&quot;Rotate&quot;,&quot;cDetails&quot;:&quot;Details&quot;}\" data-popup-slideshow=\"false\" data-popup-slideshow-speed=\"2500\" data-popup-hoverstop=\"true\" data-popup-slideshow-auto=\"false\" data-popup-background=\"\" data-popup-transparency=\"30\" data-popup-disable-history=\"\" data-popup-disable-changed-url=\"\" data-popup-border-type=\"solid\" data-popup-border-color=\"\" data-popup-border-width=\"\" data-popup-border-enable=\"\" data-fullscreen=\"false\" data-hide-tooltip=\"false\" data-caption-font-family=\"Default\" data-caption-text-size=\"14px\" data-is-mobile=\"0\" data-caption-mobile=\"false\" data-hide-long-tltp-title=\"0\" data-caption-disabled-on-mobile=\"false\" data-lazyload-enable='1' data-lazyload-effect=\"show\" data-lazyload-effect-duration=\"400\" data-popup-placement-type=\"0\" data-social-sharing=\"{&quot;enabled&quot;:&quot;&quot;,&quot;gallerySharing&quot;:{&quot;enabled&quot;:null,&quot;position&quot;:null},&quot;imageSharing&quot;:{&quot;enabled&quot;:null,&quot;wrapperClass&quot;:&quot; vertical \\n &quot;},&quot;popupSharing&quot;:{&quot;enabled&quot;:null,&quot;wrapperClass&quot;:&quot; vertical \\n &quot;}}\" class=\"grid-gallery grid-gallery-fixed \" style=\" width:100%; height:auto ; margin-left:auto; margin-right:auto; position:relative;\" > <div class=\"gallery-loading\"> <div class=\"blocks\"> <div class=\"block\"><\/div> <div class=\"block\"><\/div> <div class=\"block\"><\/div> <div class=\"block\"><\/div> <\/div> <\/div> <div class=\"gallery-sharing-top\"><\/div> <div id=\"photos-5\" class=\"grid-gallery-photos \" > <a id=\"gg-5-71\" class=\"gg-link gg-colorbox \" data-attachment-id=\"147\" href=\"http:\/\/podprad.eu\/wp-content\/uploads\/2021\/01\/left-view-of-arburg-320-m-850-210-machine.jpg?gid=5\" target=\"_self\" title=\"Wtryskarka Arburg\" rel=\"\" style=\"border-radius: 20px;\" ><FIGURE class=\"grid-gallery-caption shadow-show \" data-grid-gallery-type=\"quarter-two-step\" data-index=\"0\" style=\"display:none;border-radius: 20px; box-shadow: 2px 4px 5px #000000; ; margin: 2.65px; height:215px; width:auto;\" ><div class=\"crop \" style=\" \"><img data-gg-real-image-href=\"http:\/\/podprad.eu\/wp-content\/uploads\/2021\/01\/left-view-of-arburg-320-m-850-210-machine-287x215.jpg\" src=\"http:\/\/podprad.eu\/wp-content\/plugins\/gallery-by-supsystic\/src\/GridGallery\/Galleries\/assets\/img\/loading.gif\" class=\"ggImg ggLazyImg ggNotInitImg\" alt=\"Wtryskarka Arburg\" title=\"Wtryskarka Arburg\" data-description=\"Wtryskarka Arburg\" data-caption=\"Wtryskarka Arburg\" data-title=\"Wtryskarka Arburg\" style=\" height:215px; width:auto; \" \/><\/div><FIGCAPTION class=\"\" data-alpha=\"5\" style=\"color:#ffffff; background-color:#0c0000; font-size:14px; text-align:left; font-family:Default;\" ><div class=\"grid-gallery-figcaption-wrap\" style=\" vertical-align:top; \"><\/div><\/FIGCAPTION><\/FIGURE><\/a> <a id=\"gg-5-72\" class=\"gg-link gg-colorbox \" data-attachment-id=\"146\" href=\"http:\/\/podprad.eu\/wp-content\/uploads\/2021\/01\/arburg-420c-1300-350-p90207035_2.jpg?gid=5\" target=\"_self\" title=\"Wtryskarka Arburg\" rel=\"\" style=\"border-radius: 20px;\" ><FIGURE class=\"grid-gallery-caption shadow-show \" data-grid-gallery-type=\"quarter-two-step\" data-index=\"1\" style=\"display:none;border-radius: 20px; box-shadow: 2px 4px 5px #000000; ; margin: 2.65px; height:215px; width:auto;\" ><div class=\"crop \" style=\" \"><img data-gg-real-image-href=\"http:\/\/podprad.eu\/wp-content\/uploads\/2021\/01\/arburg-420c-1300-350-p90207035_2-287x215.jpg\" src=\"http:\/\/podprad.eu\/wp-content\/plugins\/gallery-by-supsystic\/src\/GridGallery\/Galleries\/assets\/img\/loading.gif\" class=\"ggImg ggLazyImg ggNotInitImg\" alt=\"Wtryskarka Arburg\" title=\"Wtryskarka Arburg\" data-description=\"Wtryskarka Arburg\" data-caption=\"Wtryskarka Arburg\" data-title=\"Wtryskarka Arburg\" style=\" height:215px; width:auto; \" \/><\/div><FIGCAPTION class=\"\" data-alpha=\"5\" style=\"color:#ffffff; background-color:#0c0000; font-size:14px; text-align:left; font-family:Default;\" ><div class=\"grid-gallery-figcaption-wrap\" style=\" vertical-align:top; \"><\/div><\/FIGCAPTION><\/FIGURE><\/a> <a id=\"gg-5-70\" class=\"gg-link gg-colorbox \" data-attachment-id=\"148\" href=\"http:\/\/podprad.eu\/wp-content\/uploads\/2021\/01\/unnamed.jpg?gid=5\" target=\"_self\" title=\"Wtryskarka JSW\" rel=\"\" style=\"border-radius: 20px;\" ><FIGURE class=\"grid-gallery-caption shadow-show \" data-grid-gallery-type=\"quarter-two-step\" data-index=\"2\" style=\"display:none;border-radius: 20px; box-shadow: 2px 4px 5px #000000; ; margin: 2.65px; height:215px; width:auto;\" ><div class=\"crop \" style=\" \"><img data-gg-real-image-href=\"http:\/\/podprad.eu\/wp-content\/uploads\/2021\/01\/unnamed-326x215.jpg\" src=\"http:\/\/podprad.eu\/wp-content\/plugins\/gallery-by-supsystic\/src\/GridGallery\/Galleries\/assets\/img\/loading.gif\" class=\"ggImg ggLazyImg ggNotInitImg\" alt=\"Wtryskarka JSW\" title=\"Wtryskarka JSW\" data-description=\"Wtryskarka JSW\" data-caption=\"Wtryskarka JSW\" data-title=\"Wtryskarka JSW\" style=\" height:215px; width:auto; \" \/><\/div><FIGCAPTION class=\"\" data-alpha=\"5\" style=\"color:#ffffff; background-color:#0c0000; font-size:14px; text-align:left; font-family:Default;\" ><div class=\"grid-gallery-figcaption-wrap\" style=\" vertical-align:top; \"><\/div><\/FIGCAPTION><\/FIGURE><\/a> <a id=\"gg-5-73\" class=\"gg-link gg-colorbox \" data-attachment-id=\"143\" href=\"http:\/\/podprad.eu\/wp-content\/uploads\/2021\/01\/TOYO.jpg?gid=5\" target=\"_self\" title=\"Wtryskarka TOYO\" rel=\"\" style=\"border-radius: 20px;\" ><FIGURE class=\"grid-gallery-caption shadow-show \" data-grid-gallery-type=\"quarter-two-step\" data-index=\"3\" style=\"display:none;border-radius: 20px; box-shadow: 2px 4px 5px #000000; ; margin: 2.65px; height:215px; width:auto;\" ><div class=\"crop \" style=\" \"><img data-gg-real-image-href=\"http:\/\/podprad.eu\/wp-content\/uploads\/2021\/01\/TOYO-287x215.jpg\" src=\"http:\/\/podprad.eu\/wp-content\/plugins\/gallery-by-supsystic\/src\/GridGallery\/Galleries\/assets\/img\/loading.gif\" class=\"ggImg ggLazyImg ggNotInitImg\" alt=\"Wtryskarka TOYO\" title=\"Wtryskarka TOYO\" data-description=\"Wtryskarka TOYO\" data-caption=\"Wtryskarka TOYO\" data-title=\"Wtryskarka TOYO\" style=\" height:215px; width:auto; \" \/><\/div><FIGCAPTION class=\"\" data-alpha=\"5\" style=\"color:#ffffff; background-color:#0c0000; font-size:14px; text-align:left; font-family:Default;\" ><div class=\"grid-gallery-figcaption-wrap\" style=\" vertical-align:top; \"><\/div><\/FIGCAPTION><\/FIGURE><\/a> <a id=\"gg-5-74\" class=\"gg-link gg-colorbox \" data-attachment-id=\"137\" href=\"http:\/\/podprad.eu\/wp-content\/uploads\/2021\/01\/KraussMaffei.jpg?gid=5\" target=\"_self\" title=\"KraussMaffei\" rel=\"\" style=\"border-radius: 20px;\" ><FIGURE class=\"grid-gallery-caption shadow-show \" data-grid-gallery-type=\"quarter-two-step\" data-index=\"4\" style=\"display:none;border-radius: 20px; box-shadow: 2px 4px 5px #000000; ; margin: 2.65px; height:215px; width:auto;\" ><div class=\"crop \" style=\" \"><img data-gg-real-image-href=\"http:\/\/podprad.eu\/wp-content\/uploads\/2021\/01\/KraussMaffei-323x215.jpg\" src=\"http:\/\/podprad.eu\/wp-content\/plugins\/gallery-by-supsystic\/src\/GridGallery\/Galleries\/assets\/img\/loading.gif\" class=\"ggImg ggLazyImg ggNotInitImg\" alt=\"KraussMaffei\" title=\"KraussMaffei\" data-description=\"KraussMaffei\" data-caption=\"KraussMaffei\" data-title=\"KraussMaffei\" style=\" height:215px; width:auto; \" \/><\/div><FIGCAPTION class=\"\" data-alpha=\"5\" style=\"color:#ffffff; background-color:#0c0000; font-size:14px; text-align:left; font-family:Default;\" ><div class=\"grid-gallery-figcaption-wrap\" style=\" vertical-align:top; \"><\/div><\/FIGCAPTION><\/FIGURE><\/a> <a id=\"gg-5-75\" class=\"gg-link gg-colorbox \" data-attachment-id=\"136\" href=\"http:\/\/podprad.eu\/wp-content\/uploads\/2021\/01\/KraussMaffei-fot-2.jpg?gid=5\" target=\"_self\" title=\"KraussMaffei\" rel=\"\" style=\"border-radius: 20px;\" ><FIGURE class=\"grid-gallery-caption shadow-show \" data-grid-gallery-type=\"quarter-two-step\" data-index=\"5\" style=\"display:none;border-radius: 20px; box-shadow: 2px 4px 5px #000000; ; margin: 2.65px; height:215px; width:auto;\" ><div class=\"crop \" style=\" \"><img data-gg-real-image-href=\"http:\/\/podprad.eu\/wp-content\/uploads\/2021\/01\/KraussMaffei-fot-2-287x215.jpg\" src=\"http:\/\/podprad.eu\/wp-content\/plugins\/gallery-by-supsystic\/src\/GridGallery\/Galleries\/assets\/img\/loading.gif\" class=\"ggImg ggLazyImg ggNotInitImg\" alt=\"KraussMaffei\" title=\"KraussMaffei\" data-description=\"KraussMaffei\" data-caption=\"KraussMaffei\" data-title=\"KraussMaffei\" style=\" height:215px; width:auto; \" \/><\/div><FIGCAPTION class=\"\" data-alpha=\"5\" style=\"color:#ffffff; background-color:#0c0000; font-size:14px; text-align:left; font-family:Default;\" ><div class=\"grid-gallery-figcaption-wrap\" style=\" vertical-align:top; \"><\/div><\/FIGCAPTION><\/FIGURE><\/a> <a id=\"gg-5-76\" class=\"gg-link gg-colorbox \" data-attachment-id=\"142\" href=\"http:\/\/podprad.eu\/wp-content\/uploads\/2021\/01\/Stol-obrotowy-Plasdan.jpg?gid=5\" target=\"_self\" title=\"Sto\u0142 obrotowy Plasdan na wtryskarce Engel\" rel=\"\" style=\"border-radius: 20px;\" ><FIGURE class=\"grid-gallery-caption shadow-show \" data-grid-gallery-type=\"quarter-two-step\" data-index=\"6\" style=\"display:none;border-radius: 20px; box-shadow: 2px 4px 5px #000000; ; margin: 2.65px; height:215px; width:auto;\" ><div class=\"crop \" style=\" \"><img data-gg-real-image-href=\"http:\/\/podprad.eu\/wp-content\/uploads\/2021\/01\/Stol-obrotowy-Plasdan-321x215.jpg\" src=\"http:\/\/podprad.eu\/wp-content\/plugins\/gallery-by-supsystic\/src\/GridGallery\/Galleries\/assets\/img\/loading.gif\" class=\"ggImg ggLazyImg ggNotInitImg\" alt=\"Sto\u0142 obrotowy Plasdan na wtryskarce Engel\" title=\"Sto\u0142 obrotowy Plasdan na wtryskarce Engel\" data-description=\"Sto\u0142 obrotowy Plasdan na wtryskarce Engel\" data-caption=\"Sto\u0142 obrotowy Plasdan na wtryskarce Engel\" data-title=\"Sto\u0142 obrotowy Plasdan na wtryskarce Engel\" style=\" height:215px; width:auto; \" \/><\/div><FIGCAPTION class=\"\" data-alpha=\"5\" style=\"color:#ffffff; background-color:#0c0000; font-size:14px; text-align:left; font-family:Default;\" ><div class=\"grid-gallery-figcaption-wrap\" style=\" vertical-align:top; \"><\/div><\/FIGCAPTION><\/FIGURE><\/a> <a id=\"gg-5-77\" class=\"gg-link gg-colorbox \" data-attachment-id=\"141\" href=\"http:\/\/podprad.eu\/wp-content\/uploads\/2021\/01\/Przebudowa-TOYO-450-fot-2.jpg?gid=5\" target=\"_self\" title=\"Przebudowa Wtryskarek\" rel=\"\" style=\"border-radius: 20px;\" ><FIGURE class=\"grid-gallery-caption shadow-show \" data-grid-gallery-type=\"quarter-two-step\" data-index=\"7\" style=\"display:none;border-radius: 20px; box-shadow: 2px 4px 5px #000000; ; margin: 2.65px; height:215px; width:auto;\" ><div class=\"crop \" style=\" \"><img data-gg-real-image-href=\"http:\/\/podprad.eu\/wp-content\/uploads\/2021\/01\/Przebudowa-TOYO-450-fot-2-287x215.jpg\" src=\"http:\/\/podprad.eu\/wp-content\/plugins\/gallery-by-supsystic\/src\/GridGallery\/Galleries\/assets\/img\/loading.gif\" class=\"ggImg ggLazyImg ggNotInitImg\" alt=\"Przebudowa Wtryskarek\" title=\"Przebudowa Wtryskarek\" data-description=\"Przebudowa Wtryskarek\" data-caption=\"Przebudowa Wtryskarek\" data-title=\"Przebudowa Wtryskarek\" style=\" height:215px; width:auto; \" \/><\/div><FIGCAPTION class=\"\" data-alpha=\"5\" style=\"color:#ffffff; background-color:#0c0000; font-size:14px; text-align:left; font-family:Default;\" ><div class=\"grid-gallery-figcaption-wrap\" style=\" vertical-align:top; \"><\/div><\/FIGCAPTION><\/FIGURE><\/a> <a id=\"gg-5-78\" class=\"gg-link gg-colorbox \" data-attachment-id=\"139\" href=\"http:\/\/podprad.eu\/wp-content\/uploads\/2021\/01\/Przebudowa-TOYO-450-fot-1.jpg?gid=5\" target=\"_self\" title=\"Przebudowa wtryskarek\" rel=\"\" style=\"border-radius: 20px;\" ><FIGURE class=\"grid-gallery-caption shadow-show \" data-grid-gallery-type=\"quarter-two-step\" data-index=\"8\" style=\"display:none;border-radius: 20px; box-shadow: 2px 4px 5px #000000; ; margin: 2.65px; height:215px; width:auto;\" ><div class=\"crop \" style=\" \"><img data-gg-real-image-href=\"http:\/\/podprad.eu\/wp-content\/uploads\/2021\/01\/Przebudowa-TOYO-450-fot-1-287x215.jpg\" src=\"http:\/\/podprad.eu\/wp-content\/plugins\/gallery-by-supsystic\/src\/GridGallery\/Galleries\/assets\/img\/loading.gif\" class=\"ggImg ggLazyImg ggNotInitImg\" alt=\"Przebudowa wtryskarek\" title=\"Przebudowa wtryskarek\" data-description=\"Przebudowa wtryskarek\" data-caption=\"Przebudowa wtryskarek\" data-title=\"Przebudowa wtryskarek\" style=\" height:215px; width:auto; \" \/><\/div><FIGCAPTION class=\"\" data-alpha=\"5\" style=\"color:#ffffff; background-color:#0c0000; font-size:14px; text-align:left; font-family:Default;\" ><div class=\"grid-gallery-figcaption-wrap\" style=\" vertical-align:top; \"><\/div><\/FIGCAPTION><\/FIGURE><\/a> <a id=\"gg-5-79\" class=\"gg-link gg-colorbox \" data-attachment-id=\"145\" href=\"http:\/\/podprad.eu\/wp-content\/uploads\/2021\/01\/Uklady-pomiarowe-fot-2-scaled.jpg?gid=5\" target=\"_self\" title=\"Instalowanie uk\u0142ad\u00f3w pomiarowych\" rel=\"\" style=\"border-radius: 20px;\" ><FIGURE class=\"grid-gallery-caption shadow-show \" data-grid-gallery-type=\"quarter-two-step\" data-index=\"9\" style=\"display:none;border-radius: 20px; box-shadow: 2px 4px 5px #000000; ; margin: 2.65px; height:215px; width:auto;\" ><div class=\"crop \" style=\" \"><img data-gg-real-image-href=\"http:\/\/podprad.eu\/wp-content\/uploads\/2021\/01\/Uklady-pomiarowe-fot-2-scaled-287x215.jpg\" src=\"http:\/\/podprad.eu\/wp-content\/plugins\/gallery-by-supsystic\/src\/GridGallery\/Galleries\/assets\/img\/loading.gif\" class=\"ggImg ggLazyImg ggNotInitImg\" alt=\"Instalowanie uk\u0142ad\u00f3w pomiarowych\" title=\"Instalowanie uk\u0142ad\u00f3w pomiarowych\" data-description=\"Instalowanie uk\u0142ad\u00f3w pomiarowych\" data-caption=\"Instalowanie uk\u0142ad\u00f3w pomiarowych\" data-title=\"Instalowanie uk\u0142ad\u00f3w pomiarowych\" style=\" height:215px; width:auto; \" \/><\/div><FIGCAPTION class=\"\" data-alpha=\"5\" style=\"color:#ffffff; background-color:#0c0000; font-size:14px; text-align:left; font-family:Default;\" ><div class=\"grid-gallery-figcaption-wrap\" style=\" vertical-align:top; \"><\/div><\/FIGCAPTION><\/FIGURE><\/a> <a id=\"gg-5-80\" class=\"gg-link gg-colorbox \" data-attachment-id=\"144\" href=\"http:\/\/podprad.eu\/wp-content\/uploads\/2021\/01\/Uklady-pomiarowe-fot-1-scaled.jpg?gid=5\" target=\"_self\" title=\"Instalowanie uk\u0142ad\u00f3w pomiarowych\" rel=\"\" style=\"border-radius: 20px;\" ><FIGURE class=\"grid-gallery-caption shadow-show \" data-grid-gallery-type=\"quarter-two-step\" data-index=\"10\" style=\"display:none;border-radius: 20px; box-shadow: 2px 4px 5px #000000; ; margin: 2.65px; height:215px; width:auto;\" ><div class=\"crop \" style=\" \"><img data-gg-real-image-href=\"http:\/\/podprad.eu\/wp-content\/uploads\/2021\/01\/Uklady-pomiarowe-fot-1-scaled-287x215.jpg\" src=\"http:\/\/podprad.eu\/wp-content\/plugins\/gallery-by-supsystic\/src\/GridGallery\/Galleries\/assets\/img\/loading.gif\" class=\"ggImg ggLazyImg ggNotInitImg\" alt=\"Instalowanie uk\u0142ad\u00f3w pomiarowych\" title=\"Instalowanie uk\u0142ad\u00f3w pomiarowych\" data-description=\"Instalowanie uk\u0142ad\u00f3w pomiarowych\" data-caption=\"Instalowanie uk\u0142ad\u00f3w pomiarowych\" data-title=\"Instalowanie uk\u0142ad\u00f3w pomiarowych\" style=\" height:215px; width:auto; \" \/><\/div><FIGCAPTION class=\"\" data-alpha=\"5\" style=\"color:#ffffff; background-color:#0c0000; font-size:14px; text-align:left; font-family:Default;\" ><div class=\"grid-gallery-figcaption-wrap\" style=\" vertical-align:top; \"><\/div><\/FIGCAPTION><\/FIGURE><\/a> <a id=\"gg-5-81\" class=\"gg-link gg-colorbox \" data-attachment-id=\"153\" href=\"http:\/\/podprad.eu\/wp-content\/uploads\/2021\/01\/Przebudowa-freecoolera-fot-1-1.jpg?gid=5\" target=\"_self\" title=\"Rozbudowa szaf sterowniczych\" rel=\"\" style=\"border-radius: 20px;\" ><FIGURE class=\"grid-gallery-caption shadow-show \" data-grid-gallery-type=\"quarter-two-step\" data-index=\"11\" style=\"display:none;border-radius: 20px; box-shadow: 2px 4px 5px #000000; ; margin: 2.65px; height:215px; width:auto;\" ><div class=\"crop \" style=\" \"><img data-gg-real-image-href=\"http:\/\/podprad.eu\/wp-content\/uploads\/2021\/01\/Przebudowa-freecoolera-fot-1-1-161x215.jpg\" src=\"http:\/\/podprad.eu\/wp-content\/plugins\/gallery-by-supsystic\/src\/GridGallery\/Galleries\/assets\/img\/loading.gif\" class=\"ggImg ggLazyImg ggNotInitImg\" alt=\"Rozbudowa szaf sterowniczych\" title=\"Rozbudowa szaf sterowniczych\" data-description=\"Rozbudowa szaf sterowniczych\" data-caption=\"Rozbudowa szaf sterowniczych\" data-title=\"Rozbudowa szaf sterowniczych\" style=\" height:215px; width:auto; \" \/><\/div><FIGCAPTION class=\"\" data-alpha=\"5\" style=\"color:#ffffff; background-color:#0c0000; font-size:14px; text-align:left; font-family:Default;\" ><div class=\"grid-gallery-figcaption-wrap\" style=\" vertical-align:top; \"><\/div><\/FIGCAPTION><\/FIGURE><\/a> <a id=\"gg-5-82\" class=\"gg-link gg-colorbox \" data-attachment-id=\"152\" href=\"http:\/\/podprad.eu\/wp-content\/uploads\/2021\/01\/DSC_7859-1-scaled.jpg?gid=5\" target=\"_self\" title=\"Czyszczenie i przeglady rozdzielnic\" rel=\"\" style=\"border-radius: 20px;\" ><FIGURE class=\"grid-gallery-caption shadow-show \" data-grid-gallery-type=\"quarter-two-step\" data-index=\"12\" style=\"display:none;border-radius: 20px; box-shadow: 2px 4px 5px #000000; ; margin: 2.65px; height:215px; width:auto;\" ><div class=\"crop \" style=\" \"><img data-gg-real-image-href=\"http:\/\/podprad.eu\/wp-content\/uploads\/2021\/01\/DSC_7859-1-scaled-171x215.jpg\" src=\"http:\/\/podprad.eu\/wp-content\/plugins\/gallery-by-supsystic\/src\/GridGallery\/Galleries\/assets\/img\/loading.gif\" class=\"ggImg ggLazyImg ggNotInitImg\" alt=\"Czyszczenie i przeglady rozdzielnic\" title=\"Czyszczenie i przeglady rozdzielnic\" data-description=\"Czyszczenie i przeglady rozdzielnic\" data-caption=\"Czyszczenie i przeglady rozdzielnic\" data-title=\"Czyszczenie i przeglady rozdzielnic\" style=\" height:215px; width:auto; \" \/><\/div><FIGCAPTION class=\"\" data-alpha=\"5\" style=\"color:#ffffff; background-color:#0c0000; font-size:14px; text-align:left; font-family:Default;\" ><div class=\"grid-gallery-figcaption-wrap\" style=\" vertical-align:top; \"><\/div><\/FIGCAPTION><\/FIGURE><\/a> <a id=\"gg-5-83\" class=\"gg-link gg-colorbox \" data-attachment-id=\"151\" href=\"http:\/\/podprad.eu\/wp-content\/uploads\/2021\/01\/Czyszczenie-i-przeglad-rozdzielnic-1-scaled.jpg?gid=5\" target=\"_self\" title=\"Czyszczenie i przeglady rozdzielnic\" rel=\"\" style=\"border-radius: 20px;\" ><FIGURE class=\"grid-gallery-caption shadow-show \" data-grid-gallery-type=\"quarter-two-step\" data-index=\"13\" style=\"display:none;border-radius: 20px; box-shadow: 2px 4px 5px #000000; ; margin: 2.65px; height:215px; width:auto;\" ><div class=\"crop \" style=\" \"><img data-gg-real-image-href=\"http:\/\/podprad.eu\/wp-content\/uploads\/2021\/01\/Czyszczenie-i-przeglad-rozdzielnic-1-scaled-161x215.jpg\" src=\"http:\/\/podprad.eu\/wp-content\/plugins\/gallery-by-supsystic\/src\/GridGallery\/Galleries\/assets\/img\/loading.gif\" class=\"ggImg ggLazyImg ggNotInitImg\" alt=\"Czyszczenie i przeglady rozdzielnic\" title=\"Czyszczenie i przeglady rozdzielnic\" data-description=\"Czyszczenie i przeglady rozdzielnic\" data-caption=\"Czyszczenie i przeglady rozdzielnic\" data-title=\"Czyszczenie i przeglady rozdzielnic\" style=\" height:215px; width:auto; \" \/><\/div><FIGCAPTION class=\"\" data-alpha=\"5\" style=\"color:#ffffff; background-color:#0c0000; font-size:14px; text-align:left; font-family:Default;\" ><div class=\"grid-gallery-figcaption-wrap\" style=\" vertical-align:top; \"><\/div><\/FIGCAPTION><\/FIGURE><\/a> <a id=\"gg-5-84\" class=\"gg-link gg-colorbox \" data-attachment-id=\"154\" href=\"http:\/\/podprad.eu\/wp-content\/uploads\/2021\/01\/IMG_20201003_161757-scaled.jpg?gid=5\" target=\"_self\" title=\"Rozbudowa szafy rozdzielczej\" rel=\"\" style=\"border-radius: 20px;\" ><FIGURE class=\"grid-gallery-caption shadow-show \" data-grid-gallery-type=\"quarter-two-step\" data-index=\"14\" style=\"display:none;border-radius: 20px; box-shadow: 2px 4px 5px #000000; ; margin: 2.65px; height:215px; width:auto;\" ><div class=\"crop \" style=\" \"><img data-gg-real-image-href=\"http:\/\/podprad.eu\/wp-content\/uploads\/2021\/01\/IMG_20201003_161757-scaled-108x215.jpg\" src=\"http:\/\/podprad.eu\/wp-content\/plugins\/gallery-by-supsystic\/src\/GridGallery\/Galleries\/assets\/img\/loading.gif\" class=\"ggImg ggLazyImg ggNotInitImg\" alt=\"Rozbudowa szafy rozdzielczej\" title=\"Rozbudowa szafy rozdzielczej\" data-description=\"Rozbudowa szafy rozdzielczej\" data-caption=\"Rozbudowa szafy rozdzielczej\" data-title=\"Rozbudowa szafy rozdzielczej\" style=\" height:215px; width:auto; \" \/><\/div><FIGCAPTION class=\"\" data-alpha=\"5\" style=\"color:#ffffff; background-color:#0c0000; font-size:14px; text-align:left; font-family:Default;\" ><div class=\"grid-gallery-figcaption-wrap\" style=\" vertical-align:top; \"><\/div><\/FIGCAPTION><\/FIGURE><\/a> <a id=\"gg-5-85\" class=\"gg-link gg-colorbox \" data-attachment-id=\"104\" href=\"http:\/\/podprad.eu\/wp-content\/uploads\/2021\/01\/IMG_1440-scaled.jpg?gid=5\" target=\"_self\" title=\"Szafa rozdzielcza przed tynkowaniem\" rel=\"\" style=\"border-radius: 20px;\" ><FIGURE class=\"grid-gallery-caption shadow-show \" data-grid-gallery-type=\"quarter-two-step\" data-index=\"15\" style=\"display:none;border-radius: 20px; box-shadow: 2px 4px 5px #000000; ; margin: 2.65px; height:215px; width:auto;\" ><div class=\"crop \" style=\" \"><img data-gg-real-image-href=\"http:\/\/podprad.eu\/wp-content\/uploads\/2021\/01\/IMG_1440-scaled-143x215.jpg\" src=\"http:\/\/podprad.eu\/wp-content\/plugins\/gallery-by-supsystic\/src\/GridGallery\/Galleries\/assets\/img\/loading.gif\" class=\"ggImg ggLazyImg ggNotInitImg\" alt=\"Szafa rozdzielcza przed tynkowaniem\" title=\"Szafa rozdzielcza przed tynkowaniem\" data-description=\"Szafa rozdzielcza przed tynkowaniem\" data-caption=\"Szafa rozdzielcza przed tynkowaniem\" data-title=\"Szafa rozdzielcza przed tynkowaniem\" style=\" height:215px; width:auto; \" \/><\/div><FIGCAPTION class=\"\" data-alpha=\"5\" style=\"color:#ffffff; background-color:#0c0000; font-size:14px; text-align:left; font-family:Default;\" ><div class=\"grid-gallery-figcaption-wrap\" style=\" vertical-align:top; \"><\/div><\/FIGCAPTION><\/FIGURE><\/a> <div class=\"grid-gallery-clearfix\"><\/div> <\/div> <div class=\"gallery-sharing-bottom\"><\/div> <div class=\"grid-gallery-clearfix\"><\/div> <\/div> <!-- Gallery by Supsystic plugin 1.14.10 -->\n","protected":false},"excerpt":{"rendered":"<p>Zajmujemy si\u0119 napraw\u0105 i konserwacj\u0105 maszyn do obr\u00f3bki tworzyw sztucznych i gumy (wtrskarki: Engel, KraussMaffei, TOYO, JSW, WITTMANN BATTENFELD, Arburg i inne)<\/p>\n","protected":false},"author":1,"featured_media":0,"parent":0,"menu_order":0,"comment_status":"closed","ping_status":"closed","template":"","meta":{"_monsterinsights_skip_tracking":false,"_monsterinsights_sitenote_active":false,"_monsterinsights_sitenote_note":"","_monsterinsights_sitenote_category":0},"_links":{"self":[{"href":"http:\/\/podprad.eu\/index.php\/wp-json\/wp\/v2\/pages\/95"}],"collection":[{"href":"http:\/\/podprad.eu\/index.php\/wp-json\/wp\/v2\/pages"}],"about":[{"href":"http:\/\/podprad.eu\/index.php\/wp-json\/wp\/v2\/types\/page"}],"author":[{"embeddable":true,"href":"http:\/\/podprad.eu\/index.php\/wp-json\/wp\/v2\/users\/1"}],"replies":[{"embeddable":true,"href":"http:\/\/podprad.eu\/index.php\/wp-json\/wp\/v2\/comments?post=95"}],"version-history":[{"count":5,"href":"http:\/\/podprad.eu\/index.php\/wp-json\/wp\/v2\/pages\/95\/revisions"}],"predecessor-version":[{"id":243,"href":"http:\/\/podprad.eu\/index.php\/wp-json\/wp\/v2\/pages\/95\/revisions\/243"}],"wp:attachment":[{"href":"http:\/\/podprad.eu\/index.php\/wp-json\/wp\/v2\/media?parent=95"}],"curies":[{"name":"wp","href":"https:\/\/api.w.org\/{rel}","templated":true}]}}